{"id":130,"date":"2020-09-22T22:02:53","date_gmt":"2020-09-22T20:02:53","guid":{"rendered":"https:\/\/www.aelrd-rlp.de\/?page_id=130"},"modified":"2020-10-01T19:03:36","modified_gmt":"2020-10-01T17:03:36","slug":"download","status":"publish","type":"page","link":"https:\/\/www.aelrd-rlp.de\/index.php\/download\/","title":{"rendered":"Download"},"content":{"rendered":"\n<p>In diesem Bereich finden Sie Empfehlungen, Gesetzte, Verordnungen und Statistiken, die f\u00fcr den Rettungsdienst von Relevanz sind, zum Herunterladen. Sollten Sie einen Vorschlag f\u00fcr Erg\u00e4nzungen haben, k\u00f6nnen Sie uns den gerne \u00fcber die Kontaktadresse zukommen lassen.<\/p>\n\n\n\n<p style=\"font-size:20px\">Versionshistorie<\/p>\n\n\n<div class='w3eden'><!-- WPDM Link Template: Default Template -->\n\n<div class=\"link-template-default card mb-2\">\n    <div class=\"card-body\">\n        <div class=\"media\">\n            <div class=\"mr-3 img-48\"><img decoding=\"async\" class=\"wpdm_icon\" alt=\"Icon\" src=\"https:\/\/www.aelrd-rlp.de\/wp-content\/plugins\/download-manager\/assets\/file-type-icons\/pdf.svg\" \/><\/div>\n            <div class=\"media-body\">\n                <h3 class=\"package-title\"><a href='https:\/\/www.aelrd-rlp.de\/index.php\/download\/versionsverlauf-rheinland-pfalz\/'>Versionshistorie<\/a><\/h3>\n                <div class=\"text-muted text-small\"><i class=\"fas fa-copy\"><\/i> 1 Datei(en) <i class=\"fas fa-hdd ml-3\"><\/i> 470.52 KB<\/div>\n            <\/div>\n            <div class=\"ml-3\">\n                <a class='wpdm-download-link download-on-click btn btn-primary btn-xs' rel='nofollow' href='#' data-downloadurl=\"https:\/\/www.aelrd-rlp.de\/index.php\/download\/versionsverlauf-rheinland-pfalz\/?wpdmdl=525&refresh=6a05b061d272f1778757729\">Download<\/a>\n            <\/div>\n        <\/div>\n    <\/div>\n<\/div>\n\n<\/div>\n\n\n\n<p><\/p>\n","protected":false},"excerpt":{"rendered":"<p>In diesem Bereich finden Sie Empfehlungen, Gesetzte, Verordnungen und Statistiken, die f\u00fcr den Rettungsdienst von Relevanz sind, zum Herunterladen. Sollten Sie einen Vorschlag f\u00fcr Erg\u00e4nzungen [&#8230;]<\/p>\n","protected":false},"author":3,"featured_media":0,"parent":0,"menu_order":0,"comment_status":"closed","ping_status":"closed","template":"","meta":{"footnotes":""},"class_list":["post-130","page","type-page","status-publish","hentry"],"_links":{"self":[{"href":"https:\/\/www.aelrd-rlp.de\/index.php\/wp-json\/wp\/v2\/pages\/130","targetHints":{"allow":["GET"]}}],"collection":[{"href":"https:\/\/www.aelrd-rlp.de\/index.php\/wp-json\/wp\/v2\/pages"}],"about":[{"href":"https:\/\/www.aelrd-rlp.de\/index.php\/wp-json\/wp\/v2\/types\/page"}],"author":[{"embeddable":true,"href":"https:\/\/www.aelrd-rlp.de\/index.php\/wp-json\/wp\/v2\/users\/3"}],"replies":[{"embeddable":true,"href":"https:\/\/www.aelrd-rlp.de\/index.php\/wp-json\/wp\/v2\/comments?post=130"}],"version-history":[{"count":3,"href":"https:\/\/www.aelrd-rlp.de\/index.php\/wp-json\/wp\/v2\/pages\/130\/revisions"}],"predecessor-version":[{"id":526,"href":"https:\/\/www.aelrd-rlp.de\/index.php\/wp-json\/wp\/v2\/pages\/130\/revisions\/526"}],"wp:attachment":[{"href":"https:\/\/www.aelrd-rlp.de\/index.php\/wp-json\/wp\/v2\/media?parent=130"}],"curies":[{"name":"wp","href":"https:\/\/api.w.org\/{rel}","templated":true}]}}