{"id":246,"date":"2020-09-24T17:20:22","date_gmt":"2020-09-24T15:20:22","guid":{"rendered":"https:\/\/www.aelrd-rlp.de\/?page_id=246"},"modified":"2025-04-07T10:22:15","modified_gmt":"2025-04-07T08:22:15","slug":"bad-kreuznach-rheinhessen","status":"publish","type":"page","link":"https:\/\/www.aelrd-rlp.de\/index.php\/regionale-sop\/bk-rh-eingang\/bad-kreuznach-rheinhessen\/","title":{"rendered":"SOP"},"content":{"rendered":"\n<p style=\"font-size:20px\">Regionale SOP | Mainz<\/p>\n\n\n\n<p>Regionale SOP haben nur f\u00fcr einen oder mehrere Rettungsdienstbereiche G\u00fcltigkeit. Sie stellen beispielsweise die konkrete Vorgehensweise bei regional neu eingef\u00fchrten Therapieverfahren dar.<\/p>\n\n\n\n<p>Aktuell liegen im Rettungsdienstbereich Mainz keine SOP mehr vor.<\/p>\n","protected":false},"excerpt":{"rendered":"<p>Regionale SOP | Mainz Regionale SOP haben nur f\u00fcr einen oder mehrere Rettungsdienstbereiche G\u00fcltigkeit. Sie stellen beispielsweise die konkrete Vorgehensweise bei regional neu eingef\u00fchrten Therapieverfahren [&#8230;]<\/p>\n","protected":false},"author":3,"featured_media":0,"parent":539,"menu_order":0,"comment_status":"closed","ping_status":"closed","template":"","meta":{"footnotes":""},"class_list":["post-246","page","type-page","status-publish","hentry"],"_links":{"self":[{"href":"https:\/\/www.aelrd-rlp.de\/index.php\/wp-json\/wp\/v2\/pages\/246","targetHints":{"allow":["GET"]}}],"collection":[{"href":"https:\/\/www.aelrd-rlp.de\/index.php\/wp-json\/wp\/v2\/pages"}],"about":[{"href":"https:\/\/www.aelrd-rlp.de\/index.php\/wp-json\/wp\/v2\/types\/page"}],"author":[{"embeddable":true,"href":"https:\/\/www.aelrd-rlp.de\/index.php\/wp-json\/wp\/v2\/users\/3"}],"replies":[{"embeddable":true,"href":"https:\/\/www.aelrd-rlp.de\/index.php\/wp-json\/wp\/v2\/comments?post=246"}],"version-history":[{"count":41,"href":"https:\/\/www.aelrd-rlp.de\/index.php\/wp-json\/wp\/v2\/pages\/246\/revisions"}],"predecessor-version":[{"id":874,"href":"https:\/\/www.aelrd-rlp.de\/index.php\/wp-json\/wp\/v2\/pages\/246\/revisions\/874"}],"up":[{"embeddable":true,"href":"https:\/\/www.aelrd-rlp.de\/index.php\/wp-json\/wp\/v2\/pages\/539"}],"wp:attachment":[{"href":"https:\/\/www.aelrd-rlp.de\/index.php\/wp-json\/wp\/v2\/media?parent=246"}],"curies":[{"name":"wp","href":"https:\/\/api.w.org\/{rel}","templated":true}]}}