{"id":249,"date":"2020-09-24T17:21:18","date_gmt":"2020-09-24T15:21:18","guid":{"rendered":"https:\/\/www.aelrd-rlp.de\/?page_id=249"},"modified":"2025-04-08T10:10:37","modified_gmt":"2025-04-08T08:10:37","slug":"kaiserslautern","status":"publish","type":"page","link":"https:\/\/www.aelrd-rlp.de\/index.php\/regionale-sop\/kaiserslautern\/kaiserslautern\/","title":{"rendered":"SOP"},"content":{"rendered":"\n<p style=\"font-size:20px\">Regionale SOP | Kaiserslautern<\/p>\n\n\n\n<p>Regionale SOP haben nur f\u00fcr einen oder mehrere Rettungsdienstbereiche G\u00fcltigkeit. Sie stellen beispielsweise die konkrete Vorgehensweise bei regional neu eingef\u00fchrten Therapieverfahren dar.<\/p>\n\n\n<div class='w3eden'><!-- WPDM Link Template: Call to Action 3 -->\n\n<div class=\"well c2a3\">\n    <div class=\"media\">\n        <div class=\"mr-3\" align=\"left\">\n            <img decoding=\"async\" class=\"wpdm_icon\" alt=\"Icon\" src=\"https:\/\/www.aelrd-rlp.de\/wp-content\/plugins\/download-manager\/assets\/file-type-icons\/pdf.svg\" \/>\n        <\/div>\n        <div class=\"media-body\">\n            <h3 class=\"media-heading\" style=\"padding-top: 0px;border:0px;margin: 0 0 5px 0;font-size:12pt;\">\n                <a style=\"font-weight: 700\" href=\"https:\/\/www.aelrd-rlp.de\/index.php\/download\/hochkontagioeser-patient\/\">Hochkontagi\u00f6ser Patient<\/a>\n                <span style=\"font-size:8pt;font-weight:300\" class=\"text-muted ml-4\">\n                    <i class=\"fas fa-hdd mr-1\"><\/i> 81.39 KB\n                    <i class=\"ml-3 far fa-arrow-alt-circle-down mr-1\"><\/i> 470 downloads\n                <\/span>\n            <\/h3>\n            Regionale SOP | Kaiserslautern\n...\n        <\/div>\n        <div class=\"ml-3\" align=\"right\">\n            <a class='wpdm-download-link download-on-click btn btn-primary btn-xs' rel='nofollow' href='#' data-downloadurl=\"https:\/\/www.aelrd-rlp.de\/index.php\/download\/hochkontagioeser-patient\/?wpdmdl=305&refresh=69f31d695923f1777540457\">Download<\/a>\n        <\/div>\n    <\/div>\n\n<\/div>\n<style>\n    .well.c2a3 .btn {\n        padding: 11px 30px;\n        font-size: 11pt;\n    }\n\n    .well.c2a3 .media-body {\n        font-size: 11pt;\n    }\n\n    .well.c2a3 .wpdm_icon {\n        height: 42px;\n        width: auto;\n    }<\/style>\n<\/div>\n\n\n<div class='w3eden'><!-- WPDM Link Template: Call to Action 3 -->\n\n<div class=\"well c2a3\">\n    <div class=\"media\">\n        <div class=\"mr-3\" align=\"left\">\n            <img decoding=\"async\" class=\"wpdm_icon\" alt=\"Icon\" src=\"https:\/\/www.aelrd-rlp.de\/wp-content\/plugins\/download-manager\/assets\/file-type-icons\/zip.svg\" \/>\n        <\/div>\n        <div class=\"media-body\">\n            <h3 class=\"media-heading\" style=\"padding-top: 0px;border:0px;margin: 0 0 5px 0;font-size:12pt;\">\n                <a style=\"font-weight: 700\" href=\"https:\/\/www.aelrd-rlp.de\/index.php\/download\/telekardiologie-2\/\">Telekardiologie<\/a>\n                <span style=\"font-size:8pt;font-weight:300\" class=\"text-muted ml-4\">\n                    <i class=\"fas fa-hdd mr-1\"><\/i> 675.78 KB\n                    <i class=\"ml-3 far fa-arrow-alt-circle-down mr-1\"><\/i> 360 downloads\n                <\/span>\n            <\/h3>\n            Regionale SOP | Kaiserslautern\n...\n        <\/div>\n        <div class=\"ml-3\" align=\"right\">\n            <a class='wpdm-download-link download-on-click btn btn-primary btn-xs' rel='nofollow' href='#' data-downloadurl=\"https:\/\/www.aelrd-rlp.de\/index.php\/download\/telekardiologie-2\/?wpdmdl=307&refresh=69f31d69611041777540457\">Download<\/a>\n        <\/div>\n    <\/div>\n\n<\/div>\n<style>\n    .well.c2a3 .btn {\n        padding: 11px 30px;\n        font-size: 11pt;\n    }\n\n    .well.c2a3 .media-body {\n        font-size: 11pt;\n    }\n\n    .well.c2a3 .wpdm_icon {\n        height: 42px;\n        width: auto;\n    }<\/style>\n<\/div>\n\n\n\n<p><\/p>\n","protected":false},"excerpt":{"rendered":"<p>Regionale SOP | Kaiserslautern Regionale SOP haben nur f\u00fcr einen oder mehrere Rettungsdienstbereiche G\u00fcltigkeit. Sie stellen beispielsweise die konkrete Vorgehensweise bei regional neu eingef\u00fchrten Therapieverfahren [&#8230;]<\/p>\n","protected":false},"author":3,"featured_media":0,"parent":554,"menu_order":0,"comment_status":"closed","ping_status":"closed","template":"","meta":{"footnotes":""},"class_list":["post-249","page","type-page","status-publish","hentry"],"_links":{"self":[{"href":"https:\/\/www.aelrd-rlp.de\/index.php\/wp-json\/wp\/v2\/pages\/249","targetHints":{"allow":["GET"]}}],"collection":[{"href":"https:\/\/www.aelrd-rlp.de\/index.php\/wp-json\/wp\/v2\/pages"}],"about":[{"href":"https:\/\/www.aelrd-rlp.de\/index.php\/wp-json\/wp\/v2\/types\/page"}],"author":[{"embeddable":true,"href":"https:\/\/www.aelrd-rlp.de\/index.php\/wp-json\/wp\/v2\/users\/3"}],"replies":[{"embeddable":true,"href":"https:\/\/www.aelrd-rlp.de\/index.php\/wp-json\/wp\/v2\/comments?post=249"}],"version-history":[{"count":18,"href":"https:\/\/www.aelrd-rlp.de\/index.php\/wp-json\/wp\/v2\/pages\/249\/revisions"}],"predecessor-version":[{"id":878,"href":"https:\/\/www.aelrd-rlp.de\/index.php\/wp-json\/wp\/v2\/pages\/249\/revisions\/878"}],"up":[{"embeddable":true,"href":"https:\/\/www.aelrd-rlp.de\/index.php\/wp-json\/wp\/v2\/pages\/554"}],"wp:attachment":[{"href":"https:\/\/www.aelrd-rlp.de\/index.php\/wp-json\/wp\/v2\/media?parent=249"}],"curies":[{"name":"wp","href":"https:\/\/api.w.org\/{rel}","templated":true}]}}