{"id":329,"date":"2020-09-25T12:45:13","date_gmt":"2020-09-25T10:45:13","guid":{"rendered":"https:\/\/www.aelrd-rlp.de\/?page_id=329"},"modified":"2023-04-25T09:25:35","modified_gmt":"2023-04-25T07:25:35","slug":"definition","status":"publish","type":"page","link":"https:\/\/www.aelrd-rlp.de\/index.php\/ueber-uns\/definition\/","title":{"rendered":"Definition"},"content":{"rendered":"\n<p id=\"e155\">Die<em> \u00c4rztliche Leiterin Rettungsdienst<\/em> oder der <em>\u00c4rztliche Leiter Rettungsdienst<\/em> sind im Rettungsdienst t\u00e4tige \u00c4rztinnen bzw. \u00c4rzte, die auf regionaler bzw. \u00fcberregionaler Ebene in Zusammenarbeit mit der zust\u00e4ndigen Beh\u00f6rde f\u00fcr die Durchf\u00fchrung des Rettungsdienstes die Aufsicht \u00fcber die Rechtm\u00e4\u00dfigkeit und Zweckm\u00e4\u00dfigkeit der Durchf\u00fchrung und das Qualit\u00e4tsmanagement im Rettungsdienst aus\u00fcben.<\/p>\n\n\n\n<p id=\"e11\">Die Funktion des \u00c4LRD ist im <a rel=\"noreferrer noopener\" href=\"http:\/\/landesrecht.rlp.de\/jportal\/?quelle=jlink&amp;query=RettDG+RP&amp;psml=bsrlpprod.psml\" data-type=\"URL\" data-id=\"http:\/\/landesrecht.rlp.de\/jportal\/?quelle=jlink&amp;query=RettDG+RP&amp;psml=bsrlpprod.psml\" target=\"_blank\">Landesgesetz \u00fcber den Rettungsdienst<\/a> sowie dem <a href=\"https:\/\/mdi.rlp.de\/fileadmin\/03\/Themen\/Bevoelkerungsschutz_und_Rettungsdienst\/Rettungsdienst\/Dokumente\/2624-Landesrettungsdienstplan_2023.pdf\" data-type=\"URL\" target=\"_blank\" rel=\"noreferrer noopener\">Landesrettungsdienstplan Rheinland-Pfalz<\/a> weiter ausgef\u00fchrt.<\/p>\n","protected":false},"excerpt":{"rendered":"<p>Die \u00c4rztliche Leiterin Rettungsdienst oder der \u00c4rztliche Leiter Rettungsdienst sind im Rettungsdienst t\u00e4tige \u00c4rztinnen bzw. \u00c4rzte, die auf regionaler bzw. \u00fcberregionaler Ebene in Zusammenarbeit mit [&#8230;]<\/p>\n","protected":false},"author":3,"featured_media":0,"parent":14,"menu_order":0,"comment_status":"closed","ping_status":"closed","template":"","meta":{"footnotes":""},"class_list":["post-329","page","type-page","status-publish","hentry"],"_links":{"self":[{"href":"https:\/\/www.aelrd-rlp.de\/index.php\/wp-json\/wp\/v2\/pages\/329","targetHints":{"allow":["GET"]}}],"collection":[{"href":"https:\/\/www.aelrd-rlp.de\/index.php\/wp-json\/wp\/v2\/pages"}],"about":[{"href":"https:\/\/www.aelrd-rlp.de\/index.php\/wp-json\/wp\/v2\/types\/page"}],"author":[{"embeddable":true,"href":"https:\/\/www.aelrd-rlp.de\/index.php\/wp-json\/wp\/v2\/users\/3"}],"replies":[{"embeddable":true,"href":"https:\/\/www.aelrd-rlp.de\/index.php\/wp-json\/wp\/v2\/comments?post=329"}],"version-history":[{"count":5,"href":"https:\/\/www.aelrd-rlp.de\/index.php\/wp-json\/wp\/v2\/pages\/329\/revisions"}],"predecessor-version":[{"id":806,"href":"https:\/\/www.aelrd-rlp.de\/index.php\/wp-json\/wp\/v2\/pages\/329\/revisions\/806"}],"up":[{"embeddable":true,"href":"https:\/\/www.aelrd-rlp.de\/index.php\/wp-json\/wp\/v2\/pages\/14"}],"wp:attachment":[{"href":"https:\/\/www.aelrd-rlp.de\/index.php\/wp-json\/wp\/v2\/media?parent=329"}],"curies":[{"name":"wp","href":"https:\/\/api.w.org\/{rel}","templated":true}]}}