{"id":355,"date":"2020-09-25T14:15:39","date_gmt":"2020-09-25T12:15:39","guid":{"rendered":"https:\/\/www.aelrd-rlp.de\/?page_id=355"},"modified":"2020-09-25T14:56:26","modified_gmt":"2020-09-25T12:56:26","slug":"stellung","status":"publish","type":"page","link":"https:\/\/www.aelrd-rlp.de\/index.php\/ueber-uns\/stellung\/","title":{"rendered":"Stellung"},"content":{"rendered":"\n<p id=\"e200\">Die zust\u00e4ndige Beh\u00f6rde beaufsichtigt die mit der Durchf\u00fchrung des Rettungsdienstes beauftragten Sanit\u00e4tsorganisationen und sonstigen Einrichtungen, um sicherzustellen, dass der Rettungsdienst die ihm obliegenden Aufgaben erf\u00fcllt. Zur Wahrnehmung dieser Aufgaben hat die zust\u00e4ndige Beh\u00f6rde einen \u00c4rztlichen Leiter Rettungsdienst und einen oder mehrere Vertreter zu bestellen.<\/p>\n\n\n\n<p id=\"e201\">Die Aufsicht erstreckt sich auf die Rechtm\u00e4\u00dfigkeit und Zweckm\u00e4\u00dfigkeit der Durchf\u00fchrung sowie die medizinische Qualit\u00e4t und das Qualit\u00e4tsmanagement im Rettungsdienst. Die zust\u00e4ndige Beh\u00f6rde \u2013 und damit auch der \u00c4LRD &#8211; kann den Sanit\u00e4tsorganisationen und sonstigen Einrichtungen des Rettungsdienstes Weisungen erteilen. <\/p>\n","protected":false},"excerpt":{"rendered":"<p>Die zust\u00e4ndige Beh\u00f6rde beaufsichtigt die mit der Durchf\u00fchrung des Rettungsdienstes beauftragten Sanit\u00e4tsorganisationen und sonstigen Einrichtungen, um sicherzustellen, dass der Rettungsdienst die ihm obliegenden Aufgaben erf\u00fcllt. [&#8230;]<\/p>\n","protected":false},"author":3,"featured_media":0,"parent":14,"menu_order":0,"comment_status":"closed","ping_status":"closed","template":"","meta":{"footnotes":""},"class_list":["post-355","page","type-page","status-publish","hentry"],"_links":{"self":[{"href":"https:\/\/www.aelrd-rlp.de\/index.php\/wp-json\/wp\/v2\/pages\/355","targetHints":{"allow":["GET"]}}],"collection":[{"href":"https:\/\/www.aelrd-rlp.de\/index.php\/wp-json\/wp\/v2\/pages"}],"about":[{"href":"https:\/\/www.aelrd-rlp.de\/index.php\/wp-json\/wp\/v2\/types\/page"}],"author":[{"embeddable":true,"href":"https:\/\/www.aelrd-rlp.de\/index.php\/wp-json\/wp\/v2\/users\/3"}],"replies":[{"embeddable":true,"href":"https:\/\/www.aelrd-rlp.de\/index.php\/wp-json\/wp\/v2\/comments?post=355"}],"version-history":[{"count":7,"href":"https:\/\/www.aelrd-rlp.de\/index.php\/wp-json\/wp\/v2\/pages\/355\/revisions"}],"predecessor-version":[{"id":363,"href":"https:\/\/www.aelrd-rlp.de\/index.php\/wp-json\/wp\/v2\/pages\/355\/revisions\/363"}],"up":[{"embeddable":true,"href":"https:\/\/www.aelrd-rlp.de\/index.php\/wp-json\/wp\/v2\/pages\/14"}],"wp:attachment":[{"href":"https:\/\/www.aelrd-rlp.de\/index.php\/wp-json\/wp\/v2\/media?parent=355"}],"curies":[{"name":"wp","href":"https:\/\/api.w.org\/{rel}","templated":true}]}}