{"id":365,"date":"2020-09-25T15:00:08","date_gmt":"2020-09-25T13:00:08","guid":{"rendered":"https:\/\/www.aelrd-rlp.de\/?page_id=365"},"modified":"2020-09-25T15:44:14","modified_gmt":"2020-09-25T13:44:14","slug":"qualifikation","status":"publish","type":"page","link":"https:\/\/www.aelrd-rlp.de\/index.php\/ueber-uns\/qualifikation\/","title":{"rendered":"Qualifikation"},"content":{"rendered":"\n<p id=\"e198\">Die T\u00e4tigkeit als \u00c4LRD erfordert eine exzellente fachliche Qualifikation und langj\u00e4hrige Erfahrung auf dem Gebiet der Notfallmedizin, sowie einschl\u00e4gige F\u00fchrungserfahrung. Vorausgesetzt werden eine abgeschlossene Weiterbildung im Bereich der Notfall- und Intensivmedizin, der Besitz der Zusatzbezeichnung Notfallmedizin, eine Qualifikation als Leitende Not\u00e4rztin oder Leitender Notarzt entsprechend der Empfehlung der Bundes\u00e4rztekammer, eine langj\u00e4hrige und kontinuierlich anhaltende T\u00e4tigkeit in der pr\u00e4klinischen und klinischen Notfallmedizin bis zur \u00dcbernahme der Funktion \u00c4LRD, sowie fundierte Kenntnisse der Infrastruktur des Rettungswesens und des Gesundheitssystems.<\/p>\n","protected":false},"excerpt":{"rendered":"<p>Die T\u00e4tigkeit als \u00c4LRD erfordert eine exzellente fachliche Qualifikation und langj\u00e4hrige Erfahrung auf dem Gebiet der Notfallmedizin, sowie einschl\u00e4gige F\u00fchrungserfahrung. Vorausgesetzt werden eine abgeschlossene Weiterbildung [&#8230;]<\/p>\n","protected":false},"author":3,"featured_media":0,"parent":14,"menu_order":0,"comment_status":"closed","ping_status":"closed","template":"","meta":{"footnotes":""},"class_list":["post-365","page","type-page","status-publish","hentry"],"_links":{"self":[{"href":"https:\/\/www.aelrd-rlp.de\/index.php\/wp-json\/wp\/v2\/pages\/365","targetHints":{"allow":["GET"]}}],"collection":[{"href":"https:\/\/www.aelrd-rlp.de\/index.php\/wp-json\/wp\/v2\/pages"}],"about":[{"href":"https:\/\/www.aelrd-rlp.de\/index.php\/wp-json\/wp\/v2\/types\/page"}],"author":[{"embeddable":true,"href":"https:\/\/www.aelrd-rlp.de\/index.php\/wp-json\/wp\/v2\/users\/3"}],"replies":[{"embeddable":true,"href":"https:\/\/www.aelrd-rlp.de\/index.php\/wp-json\/wp\/v2\/comments?post=365"}],"version-history":[{"count":3,"href":"https:\/\/www.aelrd-rlp.de\/index.php\/wp-json\/wp\/v2\/pages\/365\/revisions"}],"predecessor-version":[{"id":369,"href":"https:\/\/www.aelrd-rlp.de\/index.php\/wp-json\/wp\/v2\/pages\/365\/revisions\/369"}],"up":[{"embeddable":true,"href":"https:\/\/www.aelrd-rlp.de\/index.php\/wp-json\/wp\/v2\/pages\/14"}],"wp:attachment":[{"href":"https:\/\/www.aelrd-rlp.de\/index.php\/wp-json\/wp\/v2\/media?parent=365"}],"curies":[{"name":"wp","href":"https:\/\/api.w.org\/{rel}","templated":true}]}}