{"id":370,"date":"2020-09-25T15:56:46","date_gmt":"2020-09-25T13:56:46","guid":{"rendered":"https:\/\/www.aelrd-rlp.de\/?page_id=370"},"modified":"2020-10-19T16:22:14","modified_gmt":"2020-10-19T14:22:14","slug":"impressum","status":"publish","type":"page","link":"https:\/\/www.aelrd-rlp.de\/index.php\/impressum\/","title":{"rendered":"Impressum"},"content":{"rendered":"\n<p><strong>Herausgeber&nbsp;<\/strong>dieser Webseiten ist das Ministerium des Innern und f\u00fcr Sport des Landes Rheinland-Pfalz vertreten durch den Minister des Innern und f\u00fcr Sport.<\/p>\n\n\n\n<p>Schillerplatz 3 &#8211; 5<br>55116 Mainz<\/p>\n\n\n\n<p>Telefon: 06131 &#8211; 16 0<br>Telefax: 06131 &#8211; 16 35 95<br>E-Mail: <a href=\"javascript:linkTo_UnCryptMailto('ocknvq,rquvuvgnngBofk0tnr0fg');\">poststelle(at)mdi.rlp.de<\/a><\/p>\n\n\n\n<p><strong>Inhaltlich verantwortlich<\/strong><br>F\u00fcr die landesweit g\u00fcltigen  Inhalte dieses Portals sind die \u00c4LRD Rheinland-Pfalz verantwortlich. Regionale Inhalte werden vom \u00c4LRD des entsprechenden Rettungsdienstbereichs verantwortet.<\/p>\n\n\n\n<p><strong>Hinweis<\/strong><br>Eine inhaltliche Verantwortung f\u00fcr Angebote anderer Anbieter, die durch Verweis aus diesem Internetangebot heraus erreichbar sind, kann nicht \u00fcbernommen werden. Beachten Sie hierzu bitte auch die Datenschutzerkl\u00e4rung zu diesem Angebot.<\/p>\n\n\n\n<p><strong>Technische Betreuung<\/strong><br>Fraunhofer IESE<br>E-Mail: <a href=\"http:\/\/ticket-its(at)iese.fraunhofer.de\" data-type=\"URL\" data-id=\"ticket-its(at)iese.fraunhofer.de\">ticket-its(at)iese.fraunhofer.de<\/a><\/p>\n\n\n\n<p><strong>Design und technische Konzeption<\/strong><br>Denit am Fraunhofer IESE<br><a rel=\"noreferrer noopener\" href=\"http:\/\/www.iese.fraunhofer.de\" target=\"_blank\">www.iese.fraunhofer.de<\/a><\/p>\n\n\n\n<p><strong>Bildnachweis und Urheberrechte<\/strong><br>Wir weisen ausdr\u00fccklich auf die Verpflichtung zur Beachtung der Urheberrechte hin. Es ist untersagt, ohne weitere Absprachen mit dem Ministerium des Innern und f\u00fcr Sport Texte oder Bildmaterial (Logo, Wappen, Fotos, Grafiken) von den Seiten zur weiteren Verwendung herunter zu laden.<\/p>\n\n\n\n<p><\/p>\n","protected":false},"excerpt":{"rendered":"<p>Herausgeber&nbsp;dieser Webseiten ist das Ministerium des Innern und f\u00fcr Sport des Landes Rheinland-Pfalz vertreten durch den Minister des Innern und f\u00fcr Sport. Schillerplatz 3 &#8211; [&#8230;]<\/p>\n","protected":false},"author":3,"featured_media":0,"parent":0,"menu_order":0,"comment_status":"closed","ping_status":"closed","template":"","meta":{"footnotes":""},"class_list":["post-370","page","type-page","status-publish","hentry"],"_links":{"self":[{"href":"https:\/\/www.aelrd-rlp.de\/index.php\/wp-json\/wp\/v2\/pages\/370","targetHints":{"allow":["GET"]}}],"collection":[{"href":"https:\/\/www.aelrd-rlp.de\/index.php\/wp-json\/wp\/v2\/pages"}],"about":[{"href":"https:\/\/www.aelrd-rlp.de\/index.php\/wp-json\/wp\/v2\/types\/page"}],"author":[{"embeddable":true,"href":"https:\/\/www.aelrd-rlp.de\/index.php\/wp-json\/wp\/v2\/users\/3"}],"replies":[{"embeddable":true,"href":"https:\/\/www.aelrd-rlp.de\/index.php\/wp-json\/wp\/v2\/comments?post=370"}],"version-history":[{"count":8,"href":"https:\/\/www.aelrd-rlp.de\/index.php\/wp-json\/wp\/v2\/pages\/370\/revisions"}],"predecessor-version":[{"id":707,"href":"https:\/\/www.aelrd-rlp.de\/index.php\/wp-json\/wp\/v2\/pages\/370\/revisions\/707"}],"wp:attachment":[{"href":"https:\/\/www.aelrd-rlp.de\/index.php\/wp-json\/wp\/v2\/media?parent=370"}],"curies":[{"name":"wp","href":"https:\/\/api.w.org\/{rel}","templated":true}]}}