{"id":48,"date":"2020-09-22T16:47:39","date_gmt":"2020-09-22T14:47:39","guid":{"rendered":"https:\/\/www.aelrd-rlp.de\/?page_id=48"},"modified":"2021-12-13T11:59:40","modified_gmt":"2021-12-13T10:59:40","slug":"willkommen","status":"publish","type":"page","link":"https:\/\/www.aelrd-rlp.de\/","title":{"rendered":"Willkommen"},"content":{"rendered":"\n<p class=\"has-text-align-left\">Die \u00c4rztlichen Leiter Rettungsdienst haben den gesetzlichen Auftrag, die Strukturen und Abl\u00e4ufe im Rettungsdienst zu \u00fcberwachen, sowie die Qualit\u00e4t der rettungsdienstlichen Versorgung zu sichern und weiterzuentwickeln. Gemeinsam mit unseren Partnern in der pr\u00e4klinischen Versorgung, den Kliniken sowie den Beh\u00f6rden und Verwaltungen verfolgen wir engagiert unser Ziel, den uns anvertrauten Patienten schnelle, kompetente und mitmenschliche Hilfe zu leisten.<\/p>\n\n\n\n<p>Diese Homepage ist ein Angebot zur Information und Mitarbeit f\u00fcr alle unsere Partner und die interessierte \u00d6ffentlichkeit. <\/p>\n","protected":false},"excerpt":{"rendered":"<p>Die \u00c4rztlichen Leiter Rettungsdienst haben den gesetzlichen Auftrag, die Strukturen und Abl\u00e4ufe im Rettungsdienst zu \u00fcberwachen, sowie die Qualit\u00e4t der rettungsdienstlichen Versorgung zu sichern und [&#8230;]<\/p>\n","protected":false},"author":3,"featured_media":0,"parent":0,"menu_order":0,"comment_status":"closed","ping_status":"closed","template":"","meta":{"footnotes":""},"class_list":["post-48","page","type-page","status-publish","hentry"],"_links":{"self":[{"href":"https:\/\/www.aelrd-rlp.de\/index.php\/wp-json\/wp\/v2\/pages\/48","targetHints":{"allow":["GET"]}}],"collection":[{"href":"https:\/\/www.aelrd-rlp.de\/index.php\/wp-json\/wp\/v2\/pages"}],"about":[{"href":"https:\/\/www.aelrd-rlp.de\/index.php\/wp-json\/wp\/v2\/types\/page"}],"author":[{"embeddable":true,"href":"https:\/\/www.aelrd-rlp.de\/index.php\/wp-json\/wp\/v2\/users\/3"}],"replies":[{"embeddable":true,"href":"https:\/\/www.aelrd-rlp.de\/index.php\/wp-json\/wp\/v2\/comments?post=48"}],"version-history":[{"count":6,"href":"https:\/\/www.aelrd-rlp.de\/index.php\/wp-json\/wp\/v2\/pages\/48\/revisions"}],"predecessor-version":[{"id":748,"href":"https:\/\/www.aelrd-rlp.de\/index.php\/wp-json\/wp\/v2\/pages\/48\/revisions\/748"}],"wp:attachment":[{"href":"https:\/\/www.aelrd-rlp.de\/index.php\/wp-json\/wp\/v2\/media?parent=48"}],"curies":[{"name":"wp","href":"https:\/\/api.w.org\/{rel}","templated":true}]}}