{"id":564,"date":"2020-10-08T17:54:52","date_gmt":"2020-10-08T15:54:52","guid":{"rendered":"https:\/\/www.aelrd-rlp.de\/?page_id=564"},"modified":"2020-10-12T14:48:02","modified_gmt":"2020-10-12T12:48:02","slug":"koblenz-montabaur","status":"publish","type":"page","link":"https:\/\/www.aelrd-rlp.de\/index.php\/regionale-sop\/koblenz-montabaur\/","title":{"rendered":"Koblenz &#8211; Montabaur"},"content":{"rendered":"\n<figure class=\"wp-block-image size-large\"><img loading=\"lazy\" decoding=\"async\" width=\"828\" height=\"440\" src=\"https:\/\/www.aelrd-rlp.de\/wp-content\/uploads\/2020\/09\/WP_Koblenz-Montabaur.png\" alt=\"\" class=\"wp-image-429\"\/><\/figure>\n\n\n\n<p style=\"font-size:20px\">Rettungsdienstbereich Koblenz<\/p>\n\n\n\n<p>Der Zust\u00e4ndigkeitsbereich des Rettungsdienstbereichs Koblenz erstreckt sich \u00fcber die Gebiete der Landkreise Ahrweiler, Cochem-Zell und Mayen-Koblenz sowie der kreisfreien Stadt Koblenz. Zust\u00e4ndige Beh\u00f6rde ist die Kreisverwaltung Mayen-Koblenz, der Standort der Integrierten Leitstelle ist Koblenz.<\/p>\n\n\n\n<p style=\"font-size:20px\">Rettungsdienstbereich Montabaur<\/p>\n\n\n\n<p>Der Zust\u00e4ndigkeitsbereich des Rettungsdienstbereichs Montabaur erstreckt sich \u00fcber die Gebiete der Landkreise Altenkirchen (Westerwald) und Neuwied, des Rhein-Lahn-Kreises und des Westerwaldkreises. Zust\u00e4ndige Beh\u00f6rde ist die Kreisverwaltung des Westerwaldkreises, der Standort der Integrierten Leitstelle ist Montabaur.<\/p>\n","protected":false},"excerpt":{"rendered":"<p>Rettungsdienstbereich Koblenz Der Zust\u00e4ndigkeitsbereich des Rettungsdienstbereichs Koblenz erstreckt sich \u00fcber die Gebiete der Landkreise Ahrweiler, Cochem-Zell und Mayen-Koblenz sowie der kreisfreien Stadt Koblenz. Zust\u00e4ndige Beh\u00f6rde [&#8230;]<\/p>\n","protected":false},"author":3,"featured_media":0,"parent":80,"menu_order":0,"comment_status":"closed","ping_status":"closed","template":"","meta":{"footnotes":""},"class_list":["post-564","page","type-page","status-publish","hentry"],"_links":{"self":[{"href":"https:\/\/www.aelrd-rlp.de\/index.php\/wp-json\/wp\/v2\/pages\/564","targetHints":{"allow":["GET"]}}],"collection":[{"href":"https:\/\/www.aelrd-rlp.de\/index.php\/wp-json\/wp\/v2\/pages"}],"about":[{"href":"https:\/\/www.aelrd-rlp.de\/index.php\/wp-json\/wp\/v2\/types\/page"}],"author":[{"embeddable":true,"href":"https:\/\/www.aelrd-rlp.de\/index.php\/wp-json\/wp\/v2\/users\/3"}],"replies":[{"embeddable":true,"href":"https:\/\/www.aelrd-rlp.de\/index.php\/wp-json\/wp\/v2\/comments?post=564"}],"version-history":[{"count":7,"href":"https:\/\/www.aelrd-rlp.de\/index.php\/wp-json\/wp\/v2\/pages\/564\/revisions"}],"predecessor-version":[{"id":667,"href":"https:\/\/www.aelrd-rlp.de\/index.php\/wp-json\/wp\/v2\/pages\/564\/revisions\/667"}],"up":[{"embeddable":true,"href":"https:\/\/www.aelrd-rlp.de\/index.php\/wp-json\/wp\/v2\/pages\/80"}],"wp:attachment":[{"href":"https:\/\/www.aelrd-rlp.de\/index.php\/wp-json\/wp\/v2\/media?parent=564"}],"curies":[{"name":"wp","href":"https:\/\/api.w.org\/{rel}","templated":true}]}}