{"id":574,"date":"2020-10-08T18:10:36","date_gmt":"2020-10-08T16:10:36","guid":{"rendered":"https:\/\/www.aelrd-rlp.de\/?page_id=574"},"modified":"2020-10-12T14:48:59","modified_gmt":"2020-10-12T12:48:59","slug":"trier","status":"publish","type":"page","link":"https:\/\/www.aelrd-rlp.de\/index.php\/regionale-sop\/trier\/","title":{"rendered":"Trier"},"content":{"rendered":"\n<figure class=\"wp-block-image size-large\"><img loading=\"lazy\" decoding=\"async\" width=\"828\" height=\"413\" src=\"https:\/\/www.aelrd-rlp.de\/wp-content\/uploads\/2020\/09\/WP_Trier.png\" alt=\"\" class=\"wp-image-440\"\/><\/figure>\n\n\n\n<p style=\"font-size:20px\">Rettungsdienstbereich Trier<\/p>\n\n\n\n<p>Der Zust\u00e4ndigkeitsbereich des Rettungsdienstbereichs Trier erstreckt sich \u00fcber die Gebiete der Landkreise Bernkastel-Wittlich, Trier-Saarburg, Vulkaneifel, des Eifelkreises Bitburg-Pr\u00fcm sowie der kreisfreien Stadt Trier. Zust\u00e4ndige Beh\u00f6rde ist die Kreisverwaltung Trier-Saarburg, der Standort der Integrierten Leitstelle ist Trier.<\/p>\n","protected":false},"excerpt":{"rendered":"<p>Rettungsdienstbereich Trier Der Zust\u00e4ndigkeitsbereich des Rettungsdienstbereichs Trier erstreckt sich \u00fcber die Gebiete der Landkreise Bernkastel-Wittlich, Trier-Saarburg, Vulkaneifel, des Eifelkreises Bitburg-Pr\u00fcm sowie der kreisfreien Stadt Trier. [&#8230;]<\/p>\n","protected":false},"author":3,"featured_media":0,"parent":80,"menu_order":0,"comment_status":"closed","ping_status":"closed","template":"","meta":{"footnotes":""},"class_list":["post-574","page","type-page","status-publish","hentry"],"_links":{"self":[{"href":"https:\/\/www.aelrd-rlp.de\/index.php\/wp-json\/wp\/v2\/pages\/574","targetHints":{"allow":["GET"]}}],"collection":[{"href":"https:\/\/www.aelrd-rlp.de\/index.php\/wp-json\/wp\/v2\/pages"}],"about":[{"href":"https:\/\/www.aelrd-rlp.de\/index.php\/wp-json\/wp\/v2\/types\/page"}],"author":[{"embeddable":true,"href":"https:\/\/www.aelrd-rlp.de\/index.php\/wp-json\/wp\/v2\/users\/3"}],"replies":[{"embeddable":true,"href":"https:\/\/www.aelrd-rlp.de\/index.php\/wp-json\/wp\/v2\/comments?post=574"}],"version-history":[{"count":4,"href":"https:\/\/www.aelrd-rlp.de\/index.php\/wp-json\/wp\/v2\/pages\/574\/revisions"}],"predecessor-version":[{"id":669,"href":"https:\/\/www.aelrd-rlp.de\/index.php\/wp-json\/wp\/v2\/pages\/574\/revisions\/669"}],"up":[{"embeddable":true,"href":"https:\/\/www.aelrd-rlp.de\/index.php\/wp-json\/wp\/v2\/pages\/80"}],"wp:attachment":[{"href":"https:\/\/www.aelrd-rlp.de\/index.php\/wp-json\/wp\/v2\/media?parent=574"}],"curies":[{"name":"wp","href":"https:\/\/api.w.org\/{rel}","templated":true}]}}