{"id":649,"date":"2020-10-12T12:35:00","date_gmt":"2020-10-12T10:35:00","guid":{"rendered":"https:\/\/www.aelrd-rlp.de\/?page_id=649"},"modified":"2025-04-07T10:16:08","modified_gmt":"2025-04-07T08:16:08","slug":"empfehlungen","status":"publish","type":"page","link":"https:\/\/www.aelrd-rlp.de\/index.php\/landesweite-sop\/empfehlungen\/","title":{"rendered":"Empfehlungen"},"content":{"rendered":"\n<p style=\"font-size:20px\">Landesweite Empfehlungen<\/p>\n\n\n<div class='w3eden'><!-- WPDM Link Template: Call to Action 3 -->\n\n<div class=\"well c2a3\">\n    <div class=\"media\">\n        <div class=\"mr-3\" align=\"left\">\n            <img decoding=\"async\" class=\"wpdm_icon\" alt=\"Icon\" src=\"https:\/\/www.aelrd-rlp.de\/wp-content\/plugins\/download-manager\/assets\/file-type-icons\/pdf.svg\" \/>\n        <\/div>\n        <div class=\"media-body\">\n            <h3 class=\"media-heading\" style=\"padding-top: 0px;border:0px;margin: 0 0 5px 0;font-size:12pt;\">\n                <a style=\"font-weight: 700\" href=\"https:\/\/www.aelrd-rlp.de\/index.php\/download\/empfehlung-der-bundesaerztekammer-zum-aelrd\/\">Empfehlung der Bundes\u00e4rztekammer zum \u00c4LRD<\/a>\n                <span style=\"font-size:8pt;font-weight:300\" class=\"text-muted ml-4\">\n                    <i class=\"fas fa-hdd mr-1\"><\/i> 224.55 KB\n                    <i class=\"ml-3 far fa-arrow-alt-circle-down mr-1\"><\/i> 558 downloads\n                <\/span>\n            <\/h3>\n            Landesweite Empfehlungen\n...\n        <\/div>\n        <div class=\"ml-3\" align=\"right\">\n            <a class='wpdm-download-link download-on-click btn btn-primary btn-xs' rel='nofollow' href='#' data-downloadurl=\"https:\/\/www.aelrd-rlp.de\/index.php\/download\/empfehlung-der-bundesaerztekammer-zum-aelrd\/?wpdmdl=652&refresh=69f714192c4e31777800217\">Download<\/a>\n        <\/div>\n    <\/div>\n\n<\/div>\n<style>\n    .well.c2a3 .btn {\n        padding: 11px 30px;\n        font-size: 11pt;\n    }\n\n    .well.c2a3 .media-body {\n        font-size: 11pt;\n    }\n\n    .well.c2a3 .wpdm_icon {\n        height: 42px;\n        width: auto;\n    }<\/style>\n<\/div>\n\n\n<div class='w3eden'><!-- WPDM Link Template: Call to Action 3 -->\n\n<div class=\"well c2a3\">\n    <div class=\"media\">\n        <div class=\"mr-3\" align=\"left\">\n            <img decoding=\"async\" class=\"wpdm_icon\" alt=\"Icon\" src=\"https:\/\/www.aelrd-rlp.de\/wp-content\/plugins\/download-manager\/assets\/file-type-icons\/pdf.svg\" \/>\n        <\/div>\n        <div class=\"media-body\">\n            <h3 class=\"media-heading\" style=\"padding-top: 0px;border:0px;margin: 0 0 5px 0;font-size:12pt;\">\n                <a style=\"font-weight: 700\" href=\"https:\/\/www.aelrd-rlp.de\/index.php\/download\/notfall-und-intensivtransportsystem\/\">Notfall- und Intensivtransportsystem<\/a>\n                <span style=\"font-size:8pt;font-weight:300\" class=\"text-muted ml-4\">\n                    <i class=\"fas fa-hdd mr-1\"><\/i> 1.03 MB\n                    <i class=\"ml-3 far fa-arrow-alt-circle-down mr-1\"><\/i> 715 downloads\n                <\/span>\n            <\/h3>\n            Landesweite Empfehlungen\n...\n        <\/div>\n        <div class=\"ml-3\" align=\"right\">\n            <a class='wpdm-download-link download-on-click btn btn-primary btn-xs' rel='nofollow' href='#' data-downloadurl=\"https:\/\/www.aelrd-rlp.de\/index.php\/download\/notfall-und-intensivtransportsystem\/?wpdmdl=656&refresh=69f7141933eaa1777800217\">Download<\/a>\n        <\/div>\n    <\/div>\n\n<\/div>\n<style>\n    .well.c2a3 .btn {\n        padding: 11px 30px;\n        font-size: 11pt;\n    }\n\n    .well.c2a3 .media-body {\n        font-size: 11pt;\n    }\n\n    .well.c2a3 .wpdm_icon {\n        height: 42px;\n        width: auto;\n    }<\/style>\n<\/div>\n\n\n\n<p>Die Empfehlungen f\u00fcr einen <strong>Indikationskatalog f\u00fcr den Notarzteinsatz<\/strong> von der Bundes\u00e4rztekammer finden Sie als PDF &#8211; Dokument <a href=\"https:\/\/www.wbbaek.de\/fileadmin\/user_upload\/wissenschaftlicher-beirat\/Veroeffentlichungen\/Bek_BAEK_Empfehlungen_fuer_einen_Indikationskatalog_fuer_den_Notarzteinsatz_NAIK_.pdf\">hier<\/a>.<\/p>\n\n\n\n<p><\/p>\n","protected":false},"excerpt":{"rendered":"<p>Landesweite Empfehlungen Die Empfehlungen f\u00fcr einen Indikationskatalog f\u00fcr den Notarzteinsatz von der Bundes\u00e4rztekammer finden Sie als PDF &#8211; Dokument hier.<\/p>\n","protected":false},"author":3,"featured_media":0,"parent":77,"menu_order":0,"comment_status":"closed","ping_status":"closed","template":"","meta":{"footnotes":""},"class_list":["post-649","page","type-page","status-publish","hentry"],"_links":{"self":[{"href":"https:\/\/www.aelrd-rlp.de\/index.php\/wp-json\/wp\/v2\/pages\/649","targetHints":{"allow":["GET"]}}],"collection":[{"href":"https:\/\/www.aelrd-rlp.de\/index.php\/wp-json\/wp\/v2\/pages"}],"about":[{"href":"https:\/\/www.aelrd-rlp.de\/index.php\/wp-json\/wp\/v2\/types\/page"}],"author":[{"embeddable":true,"href":"https:\/\/www.aelrd-rlp.de\/index.php\/wp-json\/wp\/v2\/users\/3"}],"replies":[{"embeddable":true,"href":"https:\/\/www.aelrd-rlp.de\/index.php\/wp-json\/wp\/v2\/comments?post=649"}],"version-history":[{"count":11,"href":"https:\/\/www.aelrd-rlp.de\/index.php\/wp-json\/wp\/v2\/pages\/649\/revisions"}],"predecessor-version":[{"id":870,"href":"https:\/\/www.aelrd-rlp.de\/index.php\/wp-json\/wp\/v2\/pages\/649\/revisions\/870"}],"up":[{"embeddable":true,"href":"https:\/\/www.aelrd-rlp.de\/index.php\/wp-json\/wp\/v2\/pages\/77"}],"wp:attachment":[{"href":"https:\/\/www.aelrd-rlp.de\/index.php\/wp-json\/wp\/v2\/media?parent=649"}],"curies":[{"name":"wp","href":"https:\/\/api.w.org\/{rel}","templated":true}]}}