{"id":66,"date":"2020-09-22T17:27:34","date_gmt":"2020-09-22T15:27:34","guid":{"rendered":"https:\/\/www.aelrd-rlp.de\/?page_id=66"},"modified":"2025-04-07T10:20:42","modified_gmt":"2025-04-07T08:20:42","slug":"downloads","status":"publish","type":"page","link":"https:\/\/www.aelrd-rlp.de\/index.php\/landesweite-sop\/downloads\/","title":{"rendered":"SOP"},"content":{"rendered":"\n<p style=\"font-size:20px\">Landesweite SOP<\/p>\n\n\n\n<p>Die bisherigen landesweiten SOPs wurden durch die landeseinheitlichen Ausbildungs- und Behandlungsalgorithmen Rheinland-Pfalz ersetzt. Diese finden sich im Dokument <em>Ausbildungs- und Behandlungsalgorithmen f\u00fcr Notfallsanit\u00e4terinnen und Notfallsanit\u00e4ter (NotSan) in Rheinland-Pfalz<\/em>, das Sie <a href=\"https:\/\/www.aelrd-rlp.de\/index.php\/ausbildungsalgorithmen\/\">hier <\/a>finden.<\/p>\n\n\n\n<p><\/p>\n","protected":false},"excerpt":{"rendered":"<p>Landesweite SOP Die bisherigen landesweiten SOPs wurden durch die landeseinheitlichen Ausbildungs- und Behandlungsalgorithmen Rheinland-Pfalz ersetzt. Diese finden sich im Dokument Ausbildungs- und Behandlungsalgorithmen f\u00fcr Notfallsanit\u00e4terinnen [&#8230;]<\/p>\n","protected":false},"author":3,"featured_media":0,"parent":77,"menu_order":0,"comment_status":"closed","ping_status":"closed","template":"","meta":{"footnotes":""},"class_list":["post-66","page","type-page","status-publish","hentry"],"_links":{"self":[{"href":"https:\/\/www.aelrd-rlp.de\/index.php\/wp-json\/wp\/v2\/pages\/66","targetHints":{"allow":["GET"]}}],"collection":[{"href":"https:\/\/www.aelrd-rlp.de\/index.php\/wp-json\/wp\/v2\/pages"}],"about":[{"href":"https:\/\/www.aelrd-rlp.de\/index.php\/wp-json\/wp\/v2\/types\/page"}],"author":[{"embeddable":true,"href":"https:\/\/www.aelrd-rlp.de\/index.php\/wp-json\/wp\/v2\/users\/3"}],"replies":[{"embeddable":true,"href":"https:\/\/www.aelrd-rlp.de\/index.php\/wp-json\/wp\/v2\/comments?post=66"}],"version-history":[{"count":57,"href":"https:\/\/www.aelrd-rlp.de\/index.php\/wp-json\/wp\/v2\/pages\/66\/revisions"}],"predecessor-version":[{"id":873,"href":"https:\/\/www.aelrd-rlp.de\/index.php\/wp-json\/wp\/v2\/pages\/66\/revisions\/873"}],"up":[{"embeddable":true,"href":"https:\/\/www.aelrd-rlp.de\/index.php\/wp-json\/wp\/v2\/pages\/77"}],"wp:attachment":[{"href":"https:\/\/www.aelrd-rlp.de\/index.php\/wp-json\/wp\/v2\/media?parent=66"}],"curies":[{"name":"wp","href":"https:\/\/api.w.org\/{rel}","templated":true}]}}