{"id":721,"date":"2020-12-08T17:43:47","date_gmt":"2020-12-08T16:43:47","guid":{"rendered":"https:\/\/www.aelrd-rlp.de\/?page_id=721"},"modified":"2025-10-02T15:57:47","modified_gmt":"2025-10-02T13:57:47","slug":"verfahren","status":"publish","type":"page","link":"https:\/\/www.aelrd-rlp.de\/index.php\/regionale-sop\/ludwigshafen-suedpfalz\/verfahren\/","title":{"rendered":"Verfahren"},"content":{"rendered":"\n<p>Regionale Verfahrensanweisungen | Ludwigshafen &#8211; S\u00fcdpfalz<\/p>\n\n\n\n<p>Regionale Verfahrensanweisungen f\u00fcr Rettungsdienstmitarbeiter sowie die Informationen und Empfehlungen f\u00fcr Not\u00e4rzte werden vom \u00c4LRD des jeweiligen Rettungsdienstbereichs erstellt. Ihre G\u00fcltigkeit ist auf den entsprechenden Rettungsdienstbereich beschr\u00e4nkt. Sie werden vom \u00c4LRD fortlaufend an die aktuellen Erfordernisse angepasst.<\/p>\n\n\n<div class='w3eden'><!-- WPDM Link Template: Call to Action 3 -->\n\n<div class=\"well c2a3\">\n    <div class=\"media\">\n        <div class=\"mr-3\" align=\"left\">\n            <img decoding=\"async\" class=\"wpdm_icon\" alt=\"Icon\" src=\"https:\/\/www.aelrd-rlp.de\/wp-content\/plugins\/download-manager\/assets\/file-type-icons\/pdf.svg\" \/>\n        <\/div>\n        <div class=\"media-body\">\n            <h3 class=\"media-heading\" style=\"padding-top: 0px;border:0px;margin: 0 0 5px 0;font-size:12pt;\">\n                <a style=\"font-weight: 700\" href=\"https:\/\/www.aelrd-rlp.de\/index.php\/download\/verfahrensanweisung-itw-einsatz\/\">Verfahrensanweisung ITW-Einsatz<\/a>\n                <span style=\"font-size:8pt;font-weight:300\" class=\"text-muted ml-4\">\n                    <i class=\"fas fa-hdd mr-1\"><\/i> 566.88 KB\n                    <i class=\"ml-3 far fa-arrow-alt-circle-down mr-1\"><\/i> 459 downloads\n                <\/span>\n            <\/h3>\n            Regionale Verfahrensanweisung | Ludwigshafen - S\u00fcdpfalz\n...\n        <\/div>\n        <div class=\"ml-3\" align=\"right\">\n            <a class='wpdm-download-link download-on-click btn btn-primary btn-xs' rel='nofollow' href='#' data-downloadurl=\"https:\/\/www.aelrd-rlp.de\/index.php\/download\/verfahrensanweisung-itw-einsatz\/?wpdmdl=724&refresh=6a01beb1f336e1778499249\">Download<\/a>\n        <\/div>\n    <\/div>\n\n<\/div>\n<style>\n    .well.c2a3 .btn {\n        padding: 11px 30px;\n        font-size: 11pt;\n    }\n\n    .well.c2a3 .media-body {\n        font-size: 11pt;\n    }\n\n    .well.c2a3 .wpdm_icon {\n        height: 42px;\n        width: auto;\n    }<\/style>\n<\/div>\n\n\n\n<p><\/p>\n\n\n<div class='w3eden'><!-- WPDM Link Template: Call to Action 3 -->\n\n<div class=\"well c2a3\">\n    <div class=\"media\">\n        <div class=\"mr-3\" align=\"left\">\n            <img decoding=\"async\" class=\"wpdm_icon\" alt=\"Icon\" src=\"https:\/\/www.aelrd-rlp.de\/wp-content\/plugins\/download-manager\/assets\/file-type-icons\/pdf.svg\" \/>\n        <\/div>\n        <div class=\"media-body\">\n            <h3 class=\"media-heading\" style=\"padding-top: 0px;border:0px;margin: 0 0 5px 0;font-size:12pt;\">\n                <a style=\"font-weight: 700\" href=\"https:\/\/www.aelrd-rlp.de\/index.php\/download\/verfahrensanweisung-schlaganfall\/\">Verfahrensanweisung Schlaganfall 2.0<\/a>\n                <span style=\"font-size:8pt;font-weight:300\" class=\"text-muted ml-4\">\n                    <i class=\"fas fa-hdd mr-1\"><\/i> 266.69 KB\n                    <i class=\"ml-3 far fa-arrow-alt-circle-down mr-1\"><\/i> 424 downloads\n                <\/span>\n            <\/h3>\n            Regionale Verfahrensanweisung | Ludwigshafen - S\u00fcdpfalz\n...\n        <\/div>\n        <div class=\"ml-3\" align=\"right\">\n            <a class='wpdm-download-link download-on-click btn btn-primary btn-xs' rel='nofollow' href='#' data-downloadurl=\"https:\/\/www.aelrd-rlp.de\/index.php\/download\/verfahrensanweisung-schlaganfall\/?wpdmdl=845&refresh=6a01beb2028341778499250\">Download<\/a>\n        <\/div>\n    <\/div>\n\n<\/div>\n<style>\n    .well.c2a3 .btn {\n        padding: 11px 30px;\n        font-size: 11pt;\n    }\n\n    .well.c2a3 .media-body {\n        font-size: 11pt;\n    }\n\n    .well.c2a3 .wpdm_icon {\n        height: 42px;\n        width: auto;\n    }<\/style>\n<\/div>\n\n\n\n<p><\/p>\n","protected":false},"excerpt":{"rendered":"<p>Regionale Verfahrensanweisungen | Ludwigshafen &#8211; S\u00fcdpfalz Regionale Verfahrensanweisungen f\u00fcr Rettungsdienstmitarbeiter sowie die Informationen und Empfehlungen f\u00fcr Not\u00e4rzte werden vom \u00c4LRD des jeweiligen Rettungsdienstbereichs erstellt. Ihre [&#8230;]<\/p>\n","protected":false},"author":3,"featured_media":0,"parent":569,"menu_order":0,"comment_status":"closed","ping_status":"closed","template":"","meta":{"footnotes":""},"class_list":["post-721","page","type-page","status-publish","hentry"],"_links":{"self":[{"href":"https:\/\/www.aelrd-rlp.de\/index.php\/wp-json\/wp\/v2\/pages\/721","targetHints":{"allow":["GET"]}}],"collection":[{"href":"https:\/\/www.aelrd-rlp.de\/index.php\/wp-json\/wp\/v2\/pages"}],"about":[{"href":"https:\/\/www.aelrd-rlp.de\/index.php\/wp-json\/wp\/v2\/types\/page"}],"author":[{"embeddable":true,"href":"https:\/\/www.aelrd-rlp.de\/index.php\/wp-json\/wp\/v2\/users\/3"}],"replies":[{"embeddable":true,"href":"https:\/\/www.aelrd-rlp.de\/index.php\/wp-json\/wp\/v2\/comments?post=721"}],"version-history":[{"count":7,"href":"https:\/\/www.aelrd-rlp.de\/index.php\/wp-json\/wp\/v2\/pages\/721\/revisions"}],"predecessor-version":[{"id":884,"href":"https:\/\/www.aelrd-rlp.de\/index.php\/wp-json\/wp\/v2\/pages\/721\/revisions\/884"}],"up":[{"embeddable":true,"href":"https:\/\/www.aelrd-rlp.de\/index.php\/wp-json\/wp\/v2\/pages\/569"}],"wp:attachment":[{"href":"https:\/\/www.aelrd-rlp.de\/index.php\/wp-json\/wp\/v2\/media?parent=721"}],"curies":[{"name":"wp","href":"https:\/\/api.w.org\/{rel}","templated":true}]}}