{"id":761,"date":"2022-09-09T13:29:13","date_gmt":"2022-09-09T11:29:13","guid":{"rendered":"https:\/\/www.aelrd-rlp.de\/?page_id=761"},"modified":"2025-11-27T08:47:38","modified_gmt":"2025-11-27T07:47:38","slug":"ausbildungsalgorithmen","status":"publish","type":"page","link":"https:\/\/www.aelrd-rlp.de\/index.php\/ausbildungsalgorithmen\/","title":{"rendered":"Ausbildungs- und Behandlungsalgorithmen"},"content":{"rendered":"\n<h2 class=\"wp-block-heading\" style=\"font-size:20px;font-style:normal;font-weight:500\">Allgemeine Informationen<\/h2>\n\n\n\n<p>Die Ausbildungs- und Behandlungsalgorithmen f\u00fcr Notfallsanit\u00e4terinnen und Notfallsanit\u00e4ter in Rheinland-Pfalz sind eine Anlage zum \u201eRahmenlehr- und Ausbildungsrahmenplan zur Ausbildung als Notfallsanit\u00e4terin und Notfallsanit\u00e4ter\u201c. Sie werden seit dem Sp\u00e4tsommer 2022 auch im FRRP geschult.<\/p>\n\n\n\n<p><strong>Die Informationen zu Umsetzung, G\u00fcltigkeit und zuk\u00fcnftigen Updates erfolgen durch die \u00c4LRD auf dem \u00fcblichen Weg \u00fcber die Landesverb\u00e4nde der Leistungserbringer!<\/strong><\/p>\n\n\n\n<h2 class=\"wp-block-heading is-style-default\" style=\"font-size:20px;font-style:normal;font-weight:500\">Algorithmen<\/h2>\n\n\n<div class='w3eden'><!-- WPDM Link Template: Default Template -->\n\n<div class=\"link-template-default card mb-2\">\n    <div class=\"card-body\">\n        <div class=\"media\">\n            <div class=\"mr-3 img-48\"><img decoding=\"async\" class=\"wpdm_icon\" alt=\"Icon\" src=\"https:\/\/www.aelrd-rlp.de\/wp-content\/plugins\/download-manager\/assets\/file-type-icons\/pdf.svg\" \/><\/div>\n            <div class=\"media-body\">\n                <h3 class=\"package-title\"><a href='https:\/\/www.aelrd-rlp.de\/index.php\/download\/ausbildungsalgorithmen-notsan-rheinland-pfalz-2025\/'>Ausbildungsalgorithmen NotSan Rheinland-Pfalz 2025<\/a><\/h3>\n                <div class=\"text-muted text-small\"><i class=\"fas fa-copy\"><\/i> 1 Datei(en) <i class=\"fas fa-hdd ml-3\"><\/i> 13.43 MB<\/div>\n            <\/div>\n            <div class=\"ml-3\">\n                <a class='wpdm-download-link download-on-click btn btn-primary btn-xs' rel='nofollow' href='#' data-downloadurl=\"https:\/\/www.aelrd-rlp.de\/index.php\/download\/ausbildungsalgorithmen-notsan-rheinland-pfalz-2025\/?wpdmdl=888&refresh=69faf3c080c4f1778054080\">Download<\/a>\n            <\/div>\n        <\/div>\n    <\/div>\n<\/div>\n\n<\/div>\n\n\n\n<p>R\u00fcckmeldungen (Hinweise auf Fehler, Erg\u00e4nzungsvorschl\u00e4ge, etc.) an die AG Ausbildungsalgorithmen sind \u00fcber die nachfolgende E-Mail-Adresse m\u00f6glich: <a href=\"mailto:AlgorithmenNotSan@mdi.rlp.de\">AlgorithmenNotSan@mdi.rlp.de<\/a><\/p>\n\n\n<div class='w3eden'><!-- WPDM Link Template: Default Template -->\n\n<div class=\"link-template-default card mb-2\">\n    <div class=\"card-body\">\n        <div class=\"media\">\n            <div class=\"mr-3 img-48\"><img decoding=\"async\" class=\"wpdm_icon\" alt=\"Icon\" src=\"https:\/\/www.aelrd-rlp.de\/wp-content\/plugins\/download-manager\/assets\/file-type-icons\/pdf.svg\" \/><\/div>\n            <div class=\"media-body\">\n                <h3 class=\"package-title\"><a href='https:\/\/www.aelrd-rlp.de\/index.php\/download\/synopse-zu-den-ausbildungsalgorithmen-2025\/'>Synopse zu den Ausbildungsalgorithmen 2025<\/a><\/h3>\n                <div class=\"text-muted text-small\"><i class=\"fas fa-copy\"><\/i> 1 Datei(en) <i class=\"fas fa-hdd ml-3\"><\/i> 7.05 MB<\/div>\n            <\/div>\n            <div class=\"ml-3\">\n                <a class='wpdm-download-link download-on-click btn btn-primary btn-xs' rel='nofollow' href='#' data-downloadurl=\"https:\/\/www.aelrd-rlp.de\/index.php\/download\/synopse-zu-den-ausbildungsalgorithmen-2025\/?wpdmdl=889&refresh=69faf3c0842631778054080\">Download<\/a>\n            <\/div>\n        <\/div>\n    <\/div>\n<\/div>\n\n<\/div>\n","protected":false},"excerpt":{"rendered":"<p>Allgemeine Informationen Die Ausbildungs- und Behandlungsalgorithmen f\u00fcr Notfallsanit\u00e4terinnen und Notfallsanit\u00e4ter in Rheinland-Pfalz sind eine Anlage zum \u201eRahmenlehr- und Ausbildungsrahmenplan zur Ausbildung als Notfallsanit\u00e4terin und Notfallsanit\u00e4ter\u201c. [&#8230;]<\/p>\n","protected":false},"author":3,"featured_media":0,"parent":0,"menu_order":0,"comment_status":"closed","ping_status":"closed","template":"","meta":{"footnotes":""},"class_list":["post-761","page","type-page","status-publish","hentry"],"_links":{"self":[{"href":"https:\/\/www.aelrd-rlp.de\/index.php\/wp-json\/wp\/v2\/pages\/761","targetHints":{"allow":["GET"]}}],"collection":[{"href":"https:\/\/www.aelrd-rlp.de\/index.php\/wp-json\/wp\/v2\/pages"}],"about":[{"href":"https:\/\/www.aelrd-rlp.de\/index.php\/wp-json\/wp\/v2\/types\/page"}],"author":[{"embeddable":true,"href":"https:\/\/www.aelrd-rlp.de\/index.php\/wp-json\/wp\/v2\/users\/3"}],"replies":[{"embeddable":true,"href":"https:\/\/www.aelrd-rlp.de\/index.php\/wp-json\/wp\/v2\/comments?post=761"}],"version-history":[{"count":18,"href":"https:\/\/www.aelrd-rlp.de\/index.php\/wp-json\/wp\/v2\/pages\/761\/revisions"}],"predecessor-version":[{"id":890,"href":"https:\/\/www.aelrd-rlp.de\/index.php\/wp-json\/wp\/v2\/pages\/761\/revisions\/890"}],"wp:attachment":[{"href":"https:\/\/www.aelrd-rlp.de\/index.php\/wp-json\/wp\/v2\/media?parent=761"}],"curies":[{"name":"wp","href":"https:\/\/api.w.org\/{rel}","templated":true}]}}